{"id":907,"date":"2020-10-26T21:49:54","date_gmt":"2020-10-27T00:49:54","guid":{"rendered":"https:\/\/guirula-cba.infd.edu.ar\/sitio\/?page_id=907"},"modified":"2026-03-20T16:41:05","modified_gmt":"2026-03-20T19:41:05","slug":"docentes-3","status":"publish","type":"page","link":"https:\/\/guirula-cba.infd.edu.ar\/sitio\/docentes-3\/","title":{"rendered":"Personal"},"content":{"rendered":"<p style=\"text-align: center;\"><img decoding=\"async\" loading=\"lazy\" class=\"alignnone  wp-image-1321\" src=\"https:\/\/guirula-cba.infd.edu.ar\/sitio\/wp-content\/uploads\/2023\/11\/JESSICA-750x1000.jpg\" alt=\"\" width=\"182\" height=\"243\" srcset=\"https:\/\/guirula-cba.infd.edu.ar\/sitio\/wp-content\/uploads\/2023\/11\/JESSICA-750x1000.jpg 750w, https:\/\/guirula-cba.infd.edu.ar\/sitio\/wp-content\/uploads\/2023\/11\/JESSICA-1425x1900.jpg 1425w, https:\/\/guirula-cba.infd.edu.ar\/sitio\/wp-content\/uploads\/2023\/11\/JESSICA-768x1024.jpg 768w, https:\/\/guirula-cba.infd.edu.ar\/sitio\/wp-content\/uploads\/2023\/11\/JESSICA-1152x1536.jpg 1152w, https:\/\/guirula-cba.infd.edu.ar\/sitio\/wp-content\/uploads\/2023\/11\/JESSICA-1536x2048.jpg 1536w, https:\/\/guirula-cba.infd.edu.ar\/sitio\/wp-content\/uploads\/2023\/11\/JESSICA-scaled.jpg 1920w\" sizes=\"(max-width: 182px) 100vw, 182px\" \/><\/p>\n<h5>\u00a0 \u00a0 \u00a0 \u00a0 \u00a0 \u00a0 \u00a0 \u00a0 \u00a0 \u00a0 \u00a0 \u00a0 \u00a0 \u00a0 \u00a0 \u00a0 \u00a0 \u00a0 \u00a0 \u00a0 \u00a0 \u00a0 \u00a0 \u00a0 \u00a0 \u00a0 \u00a0 \u00a0 \u00a0 \u00a0 \u00a0 \u00a0 \u00a0 \u00a0 \u00a0 \u00a0 \u00a0Prof. Jessica Lagos<\/h5>\n<p><img decoding=\"async\" loading=\"lazy\" class=\"alignnone  wp-image-1279\" src=\"https:\/\/guirula-cba.infd.edu.ar\/sitio\/wp-content\/uploads\/2023\/11\/VERO-D.-750x1000.jpg\" alt=\"\" width=\"182\" height=\"242\" srcset=\"https:\/\/guirula-cba.infd.edu.ar\/sitio\/wp-content\/uploads\/2023\/11\/VERO-D.-750x1000.jpg 750w, https:\/\/guirula-cba.infd.edu.ar\/sitio\/wp-content\/uploads\/2023\/11\/VERO-D.-1425x1900.jpg 1425w, https:\/\/guirula-cba.infd.edu.ar\/sitio\/wp-content\/uploads\/2023\/11\/VERO-D.-768x1024.jpg 768w, https:\/\/guirula-cba.infd.edu.ar\/sitio\/wp-content\/uploads\/2023\/11\/VERO-D.-1152x1536.jpg 1152w, https:\/\/guirula-cba.infd.edu.ar\/sitio\/wp-content\/uploads\/2023\/11\/VERO-D.-1536x2048.jpg 1536w, https:\/\/guirula-cba.infd.edu.ar\/sitio\/wp-content\/uploads\/2023\/11\/VERO-D.-scaled.jpg 1920w\" sizes=\"(max-width: 182px) 100vw, 182px\" \/>\u00a0 \u00a0 \u00a0 \u00a0 \u00a0 \u00a0 \u00a0 \u00a0 \u00a0 \u00a0\u00a0 <img decoding=\"async\" loading=\"lazy\" class=\"alignnone  wp-image-1326\" src=\"https:\/\/guirula-cba.infd.edu.ar\/sitio\/wp-content\/uploads\/2023\/11\/MARCOS-750x1000.jpg\" alt=\"\" width=\"182\" height=\"243\" srcset=\"https:\/\/guirula-cba.infd.edu.ar\/sitio\/wp-content\/uploads\/2023\/11\/MARCOS-750x1000.jpg 750w, https:\/\/guirula-cba.infd.edu.ar\/sitio\/wp-content\/uploads\/2023\/11\/MARCOS-1425x1900.jpg 1425w, https:\/\/guirula-cba.infd.edu.ar\/sitio\/wp-content\/uploads\/2023\/11\/MARCOS-768x1024.jpg 768w, https:\/\/guirula-cba.infd.edu.ar\/sitio\/wp-content\/uploads\/2023\/11\/MARCOS-1152x1536.jpg 1152w, https:\/\/guirula-cba.infd.edu.ar\/sitio\/wp-content\/uploads\/2023\/11\/MARCOS-1536x2048.jpg 1536w, https:\/\/guirula-cba.infd.edu.ar\/sitio\/wp-content\/uploads\/2023\/11\/MARCOS-scaled.jpg 1920w\" sizes=\"(max-width: 182px) 100vw, 182px\" \/>\u00a0 \u00a0 \u00a0 \u00a0 \u00a0 \u00a0 \u00a0 \u00a0\u00a0 <img decoding=\"async\" loading=\"lazy\" class=\"alignnone  wp-image-1325\" src=\"https:\/\/guirula-cba.infd.edu.ar\/sitio\/wp-content\/uploads\/2023\/11\/PEDRO-750x1000.jpg\" alt=\"\" width=\"182\" height=\"243\" srcset=\"https:\/\/guirula-cba.infd.edu.ar\/sitio\/wp-content\/uploads\/2023\/11\/PEDRO-750x1000.jpg 750w, https:\/\/guirula-cba.infd.edu.ar\/sitio\/wp-content\/uploads\/2023\/11\/PEDRO-1425x1900.jpg 1425w, https:\/\/guirula-cba.infd.edu.ar\/sitio\/wp-content\/uploads\/2023\/11\/PEDRO-768x1024.jpg 768w, https:\/\/guirula-cba.infd.edu.ar\/sitio\/wp-content\/uploads\/2023\/11\/PEDRO-1152x1536.jpg 1152w, https:\/\/guirula-cba.infd.edu.ar\/sitio\/wp-content\/uploads\/2023\/11\/PEDRO-1536x2048.jpg 1536w, https:\/\/guirula-cba.infd.edu.ar\/sitio\/wp-content\/uploads\/2023\/11\/PEDRO-scaled.jpg 1920w\" sizes=\"(max-width: 182px) 100vw, 182px\" \/>\u00a0 \u00a0 \u00a0 \u00a0 \u00a0 \u00a0 \u00a0 \u00a0 \u00a0 \u00a0<img decoding=\"async\" loading=\"lazy\" class=\"alignnone  wp-image-1285\" src=\"https:\/\/guirula-cba.infd.edu.ar\/sitio\/wp-content\/uploads\/2023\/11\/YANI-750x1000.jpg\" alt=\"\" width=\"182\" height=\"243\" srcset=\"https:\/\/guirula-cba.infd.edu.ar\/sitio\/wp-content\/uploads\/2023\/11\/YANI-750x1000.jpg 750w, https:\/\/guirula-cba.infd.edu.ar\/sitio\/wp-content\/uploads\/2023\/11\/YANI-1425x1900.jpg 1425w, https:\/\/guirula-cba.infd.edu.ar\/sitio\/wp-content\/uploads\/2023\/11\/YANI-768x1024.jpg 768w, https:\/\/guirula-cba.infd.edu.ar\/sitio\/wp-content\/uploads\/2023\/11\/YANI-1152x1536.jpg 1152w, https:\/\/guirula-cba.infd.edu.ar\/sitio\/wp-content\/uploads\/2023\/11\/YANI-1536x2048.jpg 1536w, https:\/\/guirula-cba.infd.edu.ar\/sitio\/wp-content\/uploads\/2023\/11\/YANI-scaled.jpg 1920w\" sizes=\"(max-width: 182px) 100vw, 182px\" \/><\/p>\n<h5>Prof. Ver\u00f3nica D\u00edaz\u00a0 \u00a0 \u00a0 \u00a0 \u00a0 \u00a0 \u00a0 \u00a0 \u00a0 \u00a0Prof. Marcos R\u00f3tolo\u00a0 \u00a0 \u00a0 \u00a0 \u00a0 \u00a0 \u00a0 \u00a0 \u00a0Prof. Pedro Lerda\u00a0 \u00a0 \u00a0 \u00a0 \u00a0 \u00a0 \u00a0 \u00a0 \u00a0 \u00a0 Prof. Yanina Bruno<\/h5>\n<p><img decoding=\"async\" loading=\"lazy\" class=\"alignnone  wp-image-1316\" src=\"https:\/\/guirula-cba.infd.edu.ar\/sitio\/wp-content\/uploads\/2023\/11\/ALE-M.-750x1000.jpg\" alt=\"\" width=\"182\" height=\"243\" srcset=\"https:\/\/guirula-cba.infd.edu.ar\/sitio\/wp-content\/uploads\/2023\/11\/ALE-M.-750x1000.jpg 750w, https:\/\/guirula-cba.infd.edu.ar\/sitio\/wp-content\/uploads\/2023\/11\/ALE-M.-1425x1900.jpg 1425w, https:\/\/guirula-cba.infd.edu.ar\/sitio\/wp-content\/uploads\/2023\/11\/ALE-M.-768x1024.jpg 768w, https:\/\/guirula-cba.infd.edu.ar\/sitio\/wp-content\/uploads\/2023\/11\/ALE-M.-1152x1536.jpg 1152w, https:\/\/guirula-cba.infd.edu.ar\/sitio\/wp-content\/uploads\/2023\/11\/ALE-M.-1536x2048.jpg 1536w, https:\/\/guirula-cba.infd.edu.ar\/sitio\/wp-content\/uploads\/2023\/11\/ALE-M.-scaled.jpg 1920w\" sizes=\"(max-width: 182px) 100vw, 182px\" \/>\u00a0 \u00a0 \u00a0 \u00a0 \u00a0 \u00a0 \u00a0 \u00a0 \u00a0 <img decoding=\"async\" loading=\"lazy\" class=\"alignnone  wp-image-1334\" src=\"https:\/\/guirula-cba.infd.edu.ar\/sitio\/wp-content\/uploads\/2023\/11\/Ale-T.-750x1000.jpg\" alt=\"\" width=\"182\" height=\"243\" srcset=\"https:\/\/guirula-cba.infd.edu.ar\/sitio\/wp-content\/uploads\/2023\/11\/Ale-T.-750x1000.jpg 750w, https:\/\/guirula-cba.infd.edu.ar\/sitio\/wp-content\/uploads\/2023\/11\/Ale-T.-1425x1900.jpg 1425w, https:\/\/guirula-cba.infd.edu.ar\/sitio\/wp-content\/uploads\/2023\/11\/Ale-T.-768x1024.jpg 768w, https:\/\/guirula-cba.infd.edu.ar\/sitio\/wp-content\/uploads\/2023\/11\/Ale-T.-1152x1536.jpg 1152w, https:\/\/guirula-cba.infd.edu.ar\/sitio\/wp-content\/uploads\/2023\/11\/Ale-T.-1536x2048.jpg 1536w, https:\/\/guirula-cba.infd.edu.ar\/sitio\/wp-content\/uploads\/2023\/11\/Ale-T.-scaled.jpg 1920w\" sizes=\"(max-width: 182px) 100vw, 182px\" \/><\/p>\n<h5>Prof. Alejandro Merlo\u00a0 \u00a0 \u00a0 \u00a0 \u00a0 \u00a0 \u00a0Srta. Alejandra Tulza\u00a0 \u00a0 \u00a0 \u00a0 \u00a0 \u00a0 \u00a0 \u00a0 \u00a0Prof. Macarena Martinez<\/h5>\n<p><img decoding=\"async\" loading=\"lazy\" class=\"alignnone  wp-image-1335\" src=\"https:\/\/guirula-cba.infd.edu.ar\/sitio\/wp-content\/uploads\/2023\/11\/Carina-750x1000.jpg\" alt=\"\" width=\"193\" height=\"257\" srcset=\"https:\/\/guirula-cba.infd.edu.ar\/sitio\/wp-content\/uploads\/2023\/11\/Carina-750x1000.jpg 750w, https:\/\/guirula-cba.infd.edu.ar\/sitio\/wp-content\/uploads\/2023\/11\/Carina-1425x1900.jpg 1425w, https:\/\/guirula-cba.infd.edu.ar\/sitio\/wp-content\/uploads\/2023\/11\/Carina-768x1024.jpg 768w, https:\/\/guirula-cba.infd.edu.ar\/sitio\/wp-content\/uploads\/2023\/11\/Carina-1152x1536.jpg 1152w, https:\/\/guirula-cba.infd.edu.ar\/sitio\/wp-content\/uploads\/2023\/11\/Carina-1536x2048.jpg 1536w, https:\/\/guirula-cba.infd.edu.ar\/sitio\/wp-content\/uploads\/2023\/11\/Carina-scaled.jpg 1920w\" sizes=\"(max-width: 193px) 100vw, 193px\" \/>\u00a0 \u00a0 \u00a0 \u00a0 \u00a0 \u00a0 \u00a0 \u00a0 \u00a0 \u00a0 <img decoding=\"async\" loading=\"lazy\" class=\"alignnone  wp-image-1327\" src=\"https:\/\/guirula-cba.infd.edu.ar\/sitio\/wp-content\/uploads\/2023\/11\/LORE-C.-750x1000.jpg\" alt=\"\" width=\"182\" height=\"243\" srcset=\"https:\/\/guirula-cba.infd.edu.ar\/sitio\/wp-content\/uploads\/2023\/11\/LORE-C.-750x1000.jpg 750w, https:\/\/guirula-cba.infd.edu.ar\/sitio\/wp-content\/uploads\/2023\/11\/LORE-C.-1425x1900.jpg 1425w, https:\/\/guirula-cba.infd.edu.ar\/sitio\/wp-content\/uploads\/2023\/11\/LORE-C.-768x1024.jpg 768w, https:\/\/guirula-cba.infd.edu.ar\/sitio\/wp-content\/uploads\/2023\/11\/LORE-C.-1152x1536.jpg 1152w, https:\/\/guirula-cba.infd.edu.ar\/sitio\/wp-content\/uploads\/2023\/11\/LORE-C.-1536x2048.jpg 1536w, https:\/\/guirula-cba.infd.edu.ar\/sitio\/wp-content\/uploads\/2023\/11\/LORE-C.-scaled.jpg 1920w\" sizes=\"(max-width: 182px) 100vw, 182px\" \/>\u00a0 \u00a0 \u00a0 \u00a0 \u00a0 \u00a0 \u00a0 \u00a0 <img decoding=\"async\" loading=\"lazy\" class=\"alignnone  wp-image-1283\" src=\"https:\/\/guirula-cba.infd.edu.ar\/sitio\/wp-content\/uploads\/2023\/11\/BOCHA-750x1000.jpg\" alt=\"\" width=\"182\" height=\"243\" srcset=\"https:\/\/guirula-cba.infd.edu.ar\/sitio\/wp-content\/uploads\/2023\/11\/BOCHA-750x1000.jpg 750w, https:\/\/guirula-cba.infd.edu.ar\/sitio\/wp-content\/uploads\/2023\/11\/BOCHA-1425x1900.jpg 1425w, https:\/\/guirula-cba.infd.edu.ar\/sitio\/wp-content\/uploads\/2023\/11\/BOCHA-768x1024.jpg 768w, https:\/\/guirula-cba.infd.edu.ar\/sitio\/wp-content\/uploads\/2023\/11\/BOCHA-1152x1536.jpg 1152w, https:\/\/guirula-cba.infd.edu.ar\/sitio\/wp-content\/uploads\/2023\/11\/BOCHA-1536x2048.jpg 1536w, https:\/\/guirula-cba.infd.edu.ar\/sitio\/wp-content\/uploads\/2023\/11\/BOCHA-scaled.jpg 1920w\" sizes=\"(max-width: 182px) 100vw, 182px\" \/>\u00a0 \u00a0 \u00a0 \u00a0 \u00a0 \u00a0 \u00a0 \u00a0 \u00a0 \u00a0 \u00a0 \u00a0 <img decoding=\"async\" loading=\"lazy\" class=\"alignnone  wp-image-1337\" src=\"https:\/\/guirula-cba.infd.edu.ar\/sitio\/wp-content\/uploads\/2023\/11\/Judith-750x1000.jpg\" alt=\"\" width=\"182\" height=\"243\" srcset=\"https:\/\/guirula-cba.infd.edu.ar\/sitio\/wp-content\/uploads\/2023\/11\/Judith-750x1000.jpg 750w, https:\/\/guirula-cba.infd.edu.ar\/sitio\/wp-content\/uploads\/2023\/11\/Judith-1425x1900.jpg 1425w, https:\/\/guirula-cba.infd.edu.ar\/sitio\/wp-content\/uploads\/2023\/11\/Judith-768x1024.jpg 768w, https:\/\/guirula-cba.infd.edu.ar\/sitio\/wp-content\/uploads\/2023\/11\/Judith-1152x1536.jpg 1152w, https:\/\/guirula-cba.infd.edu.ar\/sitio\/wp-content\/uploads\/2023\/11\/Judith-1536x2048.jpg 1536w, https:\/\/guirula-cba.infd.edu.ar\/sitio\/wp-content\/uploads\/2023\/11\/Judith-scaled.jpg 1920w\" sizes=\"(max-width: 182px) 100vw, 182px\" \/><\/p>\n<h5>Prof. Carina Bertinetti\u00a0 \u00a0 \u00a0 \u00a0 \u00a0 \u00a0Prof. Lorena Cambursano\u00a0 \u00a0 \u00a0 \u00a0 Prof. Ricardo Canedo\u00a0 \u00a0 \u00a0 \u00a0 \u00a0 \u00a0 \u00a0 \u00a0 \u00a0Prof. Judith Dominici<\/h5>\n<p><img decoding=\"async\" loading=\"lazy\" class=\"alignnone  wp-image-1318\" src=\"https:\/\/guirula-cba.infd.edu.ar\/sitio\/wp-content\/uploads\/2023\/11\/SOLE-750x1000.jpg\" alt=\"\" width=\"182\" height=\"242\" srcset=\"https:\/\/guirula-cba.infd.edu.ar\/sitio\/wp-content\/uploads\/2023\/11\/SOLE-750x1000.jpg 750w, https:\/\/guirula-cba.infd.edu.ar\/sitio\/wp-content\/uploads\/2023\/11\/SOLE-1425x1900.jpg 1425w, https:\/\/guirula-cba.infd.edu.ar\/sitio\/wp-content\/uploads\/2023\/11\/SOLE-768x1024.jpg 768w, https:\/\/guirula-cba.infd.edu.ar\/sitio\/wp-content\/uploads\/2023\/11\/SOLE-1152x1536.jpg 1152w, https:\/\/guirula-cba.infd.edu.ar\/sitio\/wp-content\/uploads\/2023\/11\/SOLE-1536x2048.jpg 1536w, https:\/\/guirula-cba.infd.edu.ar\/sitio\/wp-content\/uploads\/2023\/11\/SOLE-scaled.jpg 1920w\" sizes=\"(max-width: 182px) 100vw, 182px\" \/>\u00a0 \u00a0 \u00a0 \u00a0 \u00a0 \u00a0 \u00a0 \u00a0 \u00a0 \u00a0 \u00a0 <img decoding=\"async\" loading=\"lazy\" class=\"alignnone  wp-image-1311\" src=\"https:\/\/guirula-cba.infd.edu.ar\/sitio\/wp-content\/uploads\/2023\/11\/SILVANA-1-750x1000.jpg\" alt=\"\" width=\"182\" height=\"243\" srcset=\"https:\/\/guirula-cba.infd.edu.ar\/sitio\/wp-content\/uploads\/2023\/11\/SILVANA-1-750x1000.jpg 750w, https:\/\/guirula-cba.infd.edu.ar\/sitio\/wp-content\/uploads\/2023\/11\/SILVANA-1-1425x1900.jpg 1425w, https:\/\/guirula-cba.infd.edu.ar\/sitio\/wp-content\/uploads\/2023\/11\/SILVANA-1-768x1024.jpg 768w, https:\/\/guirula-cba.infd.edu.ar\/sitio\/wp-content\/uploads\/2023\/11\/SILVANA-1-1152x1536.jpg 1152w, https:\/\/guirula-cba.infd.edu.ar\/sitio\/wp-content\/uploads\/2023\/11\/SILVANA-1-1536x2048.jpg 1536w, https:\/\/guirula-cba.infd.edu.ar\/sitio\/wp-content\/uploads\/2023\/11\/SILVANA-1-scaled.jpg 1920w\" sizes=\"(max-width: 182px) 100vw, 182px\" \/>\u00a0 \u00a0 \u00a0 \u00a0 \u00a0 \u00a0 \u00a0 \u00a0 \u00a0 \u00a0 \u00a0 <img decoding=\"async\" loading=\"lazy\" class=\"alignnone  wp-image-1328\" src=\"https:\/\/guirula-cba.infd.edu.ar\/sitio\/wp-content\/uploads\/2023\/11\/AGOS-750x1000.jpg\" alt=\"\" width=\"182\" height=\"243\" srcset=\"https:\/\/guirula-cba.infd.edu.ar\/sitio\/wp-content\/uploads\/2023\/11\/AGOS-750x1000.jpg 750w, https:\/\/guirula-cba.infd.edu.ar\/sitio\/wp-content\/uploads\/2023\/11\/AGOS-1425x1900.jpg 1425w, https:\/\/guirula-cba.infd.edu.ar\/sitio\/wp-content\/uploads\/2023\/11\/AGOS-768x1024.jpg 768w, https:\/\/guirula-cba.infd.edu.ar\/sitio\/wp-content\/uploads\/2023\/11\/AGOS-1152x1536.jpg 1152w, https:\/\/guirula-cba.infd.edu.ar\/sitio\/wp-content\/uploads\/2023\/11\/AGOS-1536x2048.jpg 1536w, https:\/\/guirula-cba.infd.edu.ar\/sitio\/wp-content\/uploads\/2023\/11\/AGOS-scaled.jpg 1920w\" sizes=\"(max-width: 182px) 100vw, 182px\" \/><\/p>\n<h5>Prof. M. Soledad Gamboa\u00a0 \u00a0 \u00a0 \u00a0 \u00a0Prof. Silvana Jarrys\u00a0 \u00a0 \u00a0 \u00a0 \u00a0 \u00a0 \u00a0 \u00a0 \u00a0 \u00a0Prof. Agostina Lagos<\/h5>\n<p><img decoding=\"async\" loading=\"lazy\" class=\"alignnone  wp-image-1310\" src=\"https:\/\/guirula-cba.infd.edu.ar\/sitio\/wp-content\/uploads\/2023\/11\/LUJAN-750x1000.jpg\" alt=\"\" width=\"182\" height=\"243\" srcset=\"https:\/\/guirula-cba.infd.edu.ar\/sitio\/wp-content\/uploads\/2023\/11\/LUJAN-750x1000.jpg 750w, https:\/\/guirula-cba.infd.edu.ar\/sitio\/wp-content\/uploads\/2023\/11\/LUJAN-1425x1900.jpg 1425w, https:\/\/guirula-cba.infd.edu.ar\/sitio\/wp-content\/uploads\/2023\/11\/LUJAN-768x1024.jpg 768w, https:\/\/guirula-cba.infd.edu.ar\/sitio\/wp-content\/uploads\/2023\/11\/LUJAN-1152x1536.jpg 1152w, https:\/\/guirula-cba.infd.edu.ar\/sitio\/wp-content\/uploads\/2023\/11\/LUJAN-1536x2048.jpg 1536w, https:\/\/guirula-cba.infd.edu.ar\/sitio\/wp-content\/uploads\/2023\/11\/LUJAN-scaled.jpg 1920w\" sizes=\"(max-width: 182px) 100vw, 182px\" \/>\u00a0 \u00a0 \u00a0 \u00a0 \u00a0 \u00a0 \u00a0 \u00a0 \u00a0 \u00a0 \u00a0 \u00a0 <img decoding=\"async\" loading=\"lazy\" class=\"alignnone  wp-image-1312\" src=\"https:\/\/guirula-cba.infd.edu.ar\/sitio\/wp-content\/uploads\/2023\/11\/LETI-750x1000.jpg\" alt=\"\" width=\"182\" height=\"243\" srcset=\"https:\/\/guirula-cba.infd.edu.ar\/sitio\/wp-content\/uploads\/2023\/11\/LETI-750x1000.jpg 750w, https:\/\/guirula-cba.infd.edu.ar\/sitio\/wp-content\/uploads\/2023\/11\/LETI-1425x1900.jpg 1425w, https:\/\/guirula-cba.infd.edu.ar\/sitio\/wp-content\/uploads\/2023\/11\/LETI-768x1024.jpg 768w, https:\/\/guirula-cba.infd.edu.ar\/sitio\/wp-content\/uploads\/2023\/11\/LETI-1152x1536.jpg 1152w, https:\/\/guirula-cba.infd.edu.ar\/sitio\/wp-content\/uploads\/2023\/11\/LETI-1536x2048.jpg 1536w, https:\/\/guirula-cba.infd.edu.ar\/sitio\/wp-content\/uploads\/2023\/11\/LETI-scaled.jpg 1920w\" sizes=\"(max-width: 182px) 100vw, 182px\" \/>\u00a0 \u00a0 \u00a0 \u00a0 \u00a0 \u00a0 \u00a0 \u00a0 \u00a0<img decoding=\"async\" loading=\"lazy\" class=\"alignnone  wp-image-1315\" src=\"https:\/\/guirula-cba.infd.edu.ar\/sitio\/wp-content\/uploads\/2023\/11\/DAMIAN-750x1000.jpg\" alt=\"\" width=\"182\" height=\"243\" srcset=\"https:\/\/guirula-cba.infd.edu.ar\/sitio\/wp-content\/uploads\/2023\/11\/DAMIAN-750x1000.jpg 750w, https:\/\/guirula-cba.infd.edu.ar\/sitio\/wp-content\/uploads\/2023\/11\/DAMIAN-1425x1900.jpg 1425w, https:\/\/guirula-cba.infd.edu.ar\/sitio\/wp-content\/uploads\/2023\/11\/DAMIAN-768x1024.jpg 768w, https:\/\/guirula-cba.infd.edu.ar\/sitio\/wp-content\/uploads\/2023\/11\/DAMIAN-1152x1536.jpg 1152w, https:\/\/guirula-cba.infd.edu.ar\/sitio\/wp-content\/uploads\/2023\/11\/DAMIAN-1536x2048.jpg 1536w, https:\/\/guirula-cba.infd.edu.ar\/sitio\/wp-content\/uploads\/2023\/11\/DAMIAN-scaled.jpg 1920w\" sizes=\"(max-width: 182px) 100vw, 182px\" \/><\/p>\n<h5>\u00a0 \u00a0 Prof. Mar\u00eda Luj\u00e1n R\u00e9\u00a0 \u00a0 \u00a0 \u00a0 \u00a0 \u00a0 \u00a0 \u00a0 \u00a0 \u00a0 \u00a0 \u00a0 \u00a0Prof. Leticia Mori\u00a0 \u00a0 \u00a0 \u00a0 \u00a0 \u00a0 \u00a0 \u00a0 \u00a0Prof. Dami\u00e1n Gandione<\/h5>\n<p><img decoding=\"async\" loading=\"lazy\" class=\"alignnone  wp-image-1329\" src=\"https:\/\/guirula-cba.infd.edu.ar\/sitio\/wp-content\/uploads\/2023\/11\/SILVI-750x1000.jpg\" alt=\"\" width=\"182\" height=\"242\" srcset=\"https:\/\/guirula-cba.infd.edu.ar\/sitio\/wp-content\/uploads\/2023\/11\/SILVI-750x1000.jpg 750w, https:\/\/guirula-cba.infd.edu.ar\/sitio\/wp-content\/uploads\/2023\/11\/SILVI-1425x1900.jpg 1425w, https:\/\/guirula-cba.infd.edu.ar\/sitio\/wp-content\/uploads\/2023\/11\/SILVI-768x1024.jpg 768w, https:\/\/guirula-cba.infd.edu.ar\/sitio\/wp-content\/uploads\/2023\/11\/SILVI-1152x1536.jpg 1152w, https:\/\/guirula-cba.infd.edu.ar\/sitio\/wp-content\/uploads\/2023\/11\/SILVI-1536x2048.jpg 1536w, https:\/\/guirula-cba.infd.edu.ar\/sitio\/wp-content\/uploads\/2023\/11\/SILVI-scaled.jpg 1920w\" sizes=\"(max-width: 182px) 100vw, 182px\" \/>\u00a0 \u00a0 \u00a0 \u00a0 \u00a0 \u00a0 \u00a0 \u00a0 \u00a0 \u00a0<img decoding=\"async\" loading=\"lazy\" class=\"alignnone  wp-image-1317\" src=\"https:\/\/guirula-cba.infd.edu.ar\/sitio\/wp-content\/uploads\/2023\/11\/ZULMA-1-750x1000.jpg\" alt=\"\" width=\"182\" height=\"243\" srcset=\"https:\/\/guirula-cba.infd.edu.ar\/sitio\/wp-content\/uploads\/2023\/11\/ZULMA-1-750x1000.jpg 750w, https:\/\/guirula-cba.infd.edu.ar\/sitio\/wp-content\/uploads\/2023\/11\/ZULMA-1-1425x1900.jpg 1425w, https:\/\/guirula-cba.infd.edu.ar\/sitio\/wp-content\/uploads\/2023\/11\/ZULMA-1-768x1024.jpg 768w, https:\/\/guirula-cba.infd.edu.ar\/sitio\/wp-content\/uploads\/2023\/11\/ZULMA-1-1152x1536.jpg 1152w, https:\/\/guirula-cba.infd.edu.ar\/sitio\/wp-content\/uploads\/2023\/11\/ZULMA-1-1536x2048.jpg 1536w, https:\/\/guirula-cba.infd.edu.ar\/sitio\/wp-content\/uploads\/2023\/11\/ZULMA-1-scaled.jpg 1920w\" sizes=\"(max-width: 182px) 100vw, 182px\" \/>\u00a0 \u00a0 \u00a0 \u00a0 \u00a0 \u00a0 \u00a0 \u00a0 \u00a0 \u00a0 \u00a0 \u00a0 \u00a0<img decoding=\"async\" loading=\"lazy\" class=\"alignnone  wp-image-1320\" src=\"https:\/\/guirula-cba.infd.edu.ar\/sitio\/wp-content\/uploads\/2023\/11\/JUAN-CRUZ-750x1000.jpg\" alt=\"\" width=\"183\" height=\"244\" srcset=\"https:\/\/guirula-cba.infd.edu.ar\/sitio\/wp-content\/uploads\/2023\/11\/JUAN-CRUZ-750x1000.jpg 750w, https:\/\/guirula-cba.infd.edu.ar\/sitio\/wp-content\/uploads\/2023\/11\/JUAN-CRUZ-1425x1900.jpg 1425w, https:\/\/guirula-cba.infd.edu.ar\/sitio\/wp-content\/uploads\/2023\/11\/JUAN-CRUZ-768x1024.jpg 768w, https:\/\/guirula-cba.infd.edu.ar\/sitio\/wp-content\/uploads\/2023\/11\/JUAN-CRUZ-1152x1536.jpg 1152w, https:\/\/guirula-cba.infd.edu.ar\/sitio\/wp-content\/uploads\/2023\/11\/JUAN-CRUZ-1536x2048.jpg 1536w, https:\/\/guirula-cba.infd.edu.ar\/sitio\/wp-content\/uploads\/2023\/11\/JUAN-CRUZ-scaled.jpg 1920w\" sizes=\"(max-width: 183px) 100vw, 183px\" \/>\u00a0 \u00a0 \u00a0 \u00a0 \u00a0 \u00a0 \u00a0 \u00a0 \u00a0 \u00a0 <img decoding=\"async\" loading=\"lazy\" class=\"alignnone  wp-image-1324\" src=\"https:\/\/guirula-cba.infd.edu.ar\/sitio\/wp-content\/uploads\/2023\/11\/CAMILA-750x1000.jpg\" alt=\"\" width=\"182\" height=\"243\" srcset=\"https:\/\/guirula-cba.infd.edu.ar\/sitio\/wp-content\/uploads\/2023\/11\/CAMILA-750x1000.jpg 750w, https:\/\/guirula-cba.infd.edu.ar\/sitio\/wp-content\/uploads\/2023\/11\/CAMILA-1425x1900.jpg 1425w, https:\/\/guirula-cba.infd.edu.ar\/sitio\/wp-content\/uploads\/2023\/11\/CAMILA-768x1024.jpg 768w, https:\/\/guirula-cba.infd.edu.ar\/sitio\/wp-content\/uploads\/2023\/11\/CAMILA-1152x1536.jpg 1152w, https:\/\/guirula-cba.infd.edu.ar\/sitio\/wp-content\/uploads\/2023\/11\/CAMILA-1536x2048.jpg 1536w, https:\/\/guirula-cba.infd.edu.ar\/sitio\/wp-content\/uploads\/2023\/11\/CAMILA-scaled.jpg 1920w\" sizes=\"(max-width: 182px) 100vw, 182px\" \/><\/p>\n<h5>Prof. Silvina Tosi\u00a0 \u00a0 \u00a0 \u00a0 \u00a0 \u00a0 \u00a0 \u00a0 \u00a0 \u00a0 \u00a0Prof. Zulma Toledo\u00a0 \u00a0 \u00a0 \u00a0 \u00a0 \u00a0 \u00a0 \u00a0 \u00a0 \u00a0 Prof. Juan Cruz Griffa\u00a0 \u00a0 \u00a0 \u00a0 \u00a0 \u00a0 \u00a0 \u00a0 Prof. Camila Senestrari<\/h5>\n<p><img decoding=\"async\" loading=\"lazy\" class=\"alignnone  wp-image-1333\" src=\"https:\/\/guirula-cba.infd.edu.ar\/sitio\/wp-content\/uploads\/2023\/11\/Ma.-Elisa-750x1000.jpg\" alt=\"\" width=\"202\" height=\"270\" srcset=\"https:\/\/guirula-cba.infd.edu.ar\/sitio\/wp-content\/uploads\/2023\/11\/Ma.-Elisa-750x1000.jpg 750w, https:\/\/guirula-cba.infd.edu.ar\/sitio\/wp-content\/uploads\/2023\/11\/Ma.-Elisa-1425x1900.jpg 1425w, https:\/\/guirula-cba.infd.edu.ar\/sitio\/wp-content\/uploads\/2023\/11\/Ma.-Elisa-768x1024.jpg 768w, https:\/\/guirula-cba.infd.edu.ar\/sitio\/wp-content\/uploads\/2023\/11\/Ma.-Elisa-1152x1536.jpg 1152w, https:\/\/guirula-cba.infd.edu.ar\/sitio\/wp-content\/uploads\/2023\/11\/Ma.-Elisa-1536x2048.jpg 1536w, https:\/\/guirula-cba.infd.edu.ar\/sitio\/wp-content\/uploads\/2023\/11\/Ma.-Elisa-scaled.jpg 1920w\" sizes=\"(max-width: 202px) 100vw, 202px\" \/>\u00a0 \u00a0 \u00a0 \u00a0 \u00a0 \u00a0 \u00a0 <img decoding=\"async\" loading=\"lazy\" class=\"alignnone  wp-image-1281\" src=\"https:\/\/guirula-cba.infd.edu.ar\/sitio\/wp-content\/uploads\/2023\/11\/VALERIA-750x1000.jpg\" alt=\"\" width=\"182\" height=\"243\" srcset=\"https:\/\/guirula-cba.infd.edu.ar\/sitio\/wp-content\/uploads\/2023\/11\/VALERIA-750x1000.jpg 750w, https:\/\/guirula-cba.infd.edu.ar\/sitio\/wp-content\/uploads\/2023\/11\/VALERIA-1425x1900.jpg 1425w, https:\/\/guirula-cba.infd.edu.ar\/sitio\/wp-content\/uploads\/2023\/11\/VALERIA-768x1024.jpg 768w, https:\/\/guirula-cba.infd.edu.ar\/sitio\/wp-content\/uploads\/2023\/11\/VALERIA-1152x1536.jpg 1152w, https:\/\/guirula-cba.infd.edu.ar\/sitio\/wp-content\/uploads\/2023\/11\/VALERIA-1536x2048.jpg 1536w, https:\/\/guirula-cba.infd.edu.ar\/sitio\/wp-content\/uploads\/2023\/11\/VALERIA-scaled.jpg 1920w\" sizes=\"(max-width: 182px) 100vw, 182px\" \/>\u00a0 \u00a0 \u00a0 \u00a0 \u00a0 \u00a0 \u00a0 \u00a0 \u00a0 \u00a0 \u00a0 \u00a0 <img decoding=\"async\" loading=\"lazy\" class=\"alignnone  wp-image-1330\" src=\"https:\/\/guirula-cba.infd.edu.ar\/sitio\/wp-content\/uploads\/2023\/11\/HUGO-750x1000.jpg\" alt=\"\" width=\"182\" height=\"243\" srcset=\"https:\/\/guirula-cba.infd.edu.ar\/sitio\/wp-content\/uploads\/2023\/11\/HUGO-750x1000.jpg 750w, https:\/\/guirula-cba.infd.edu.ar\/sitio\/wp-content\/uploads\/2023\/11\/HUGO-1425x1900.jpg 1425w, https:\/\/guirula-cba.infd.edu.ar\/sitio\/wp-content\/uploads\/2023\/11\/HUGO-768x1024.jpg 768w, https:\/\/guirula-cba.infd.edu.ar\/sitio\/wp-content\/uploads\/2023\/11\/HUGO-1152x1536.jpg 1152w, https:\/\/guirula-cba.infd.edu.ar\/sitio\/wp-content\/uploads\/2023\/11\/HUGO-1536x2048.jpg 1536w, https:\/\/guirula-cba.infd.edu.ar\/sitio\/wp-content\/uploads\/2023\/11\/HUGO-scaled.jpg 1920w\" sizes=\"(max-width: 182px) 100vw, 182px\" \/><\/p>\n<h5>\u00a0 Prof. Ma. Elisa Ures\u00a0 \u00a0 \u00a0 \u00a0 \u00a0 \u00a0 \u00a0 \u00a0 \u00a0Prof. Valeria Campos\u00a0 \u00a0 \u00a0 \u00a0 \u00a0 \u00a0 \u00a0 \u00a0Prof. Hugo Dominguez<\/h5>\n<p style=\"text-align: center;\">\n","protected":false},"excerpt":{"rendered":"<p>\u00a0 \u00a0 \u00a0 \u00a0 \u00a0 \u00a0 \u00a0 \u00a0 \u00a0 \u00a0 \u00a0 \u00a0 \u00a0 \u00a0 \u00a0 \u00a0 \u00a0 \u00a0 \u00a0 \u00a0 \u00a0 \u00a0 \u00a0 \u00a0 \u00a0 \u00a0 \u00a0 \u00a0 \u00a0 \u00a0 \u00a0 \u00a0 \u00a0 \u00a0 \u00a0 \u00a0 \u00a0Prof. Jessica Lagos \u00a0 \u00a0 \u00a0 \u00a0 \u00a0 \u00a0 \u00a0 \u00a0 \u00a0 \u00a0\u00a0 \u00a0 \u00a0 \u00a0 \u00a0 \u00a0 \u00a0 &#8230; <a title=\"Personal\" class=\"read-more\" href=\"https:\/\/guirula-cba.infd.edu.ar\/sitio\/docentes-3\/\" aria-label=\"More on Personal\">[+]<\/a><\/p>\n","protected":false},"author":2807,"featured_media":0,"parent":0,"menu_order":0,"comment_status":"closed","ping_status":"closed","template":"","meta":[],"acf":[],"_links":{"self":[{"href":"https:\/\/guirula-cba.infd.edu.ar\/sitio\/wp-json\/wp\/v2\/pages\/907"}],"collection":[{"href":"https:\/\/guirula-cba.infd.edu.ar\/sitio\/wp-json\/wp\/v2\/pages"}],"about":[{"href":"https:\/\/guirula-cba.infd.edu.ar\/sitio\/wp-json\/wp\/v2\/types\/page"}],"author":[{"embeddable":true,"href":"https:\/\/guirula-cba.infd.edu.ar\/sitio\/wp-json\/wp\/v2\/users\/2807"}],"replies":[{"embeddable":true,"href":"https:\/\/guirula-cba.infd.edu.ar\/sitio\/wp-json\/wp\/v2\/comments?post=907"}],"version-history":[{"count":14,"href":"https:\/\/guirula-cba.infd.edu.ar\/sitio\/wp-json\/wp\/v2\/pages\/907\/revisions"}],"predecessor-version":[{"id":1451,"href":"https:\/\/guirula-cba.infd.edu.ar\/sitio\/wp-json\/wp\/v2\/pages\/907\/revisions\/1451"}],"wp:attachment":[{"href":"https:\/\/guirula-cba.infd.edu.ar\/sitio\/wp-json\/wp\/v2\/media?parent=907"}],"curies":[{"name":"wp","href":"https:\/\/api.w.org\/{rel}","templated":true}]}}