{"id":738,"date":"2018-08-30T12:33:33","date_gmt":"2018-08-30T15:33:33","guid":{"rendered":"https:\/\/guirula-cba.infd.edu.ar\/sitio\/plan-de-estudios\/"},"modified":"2022-10-03T18:18:10","modified_gmt":"2022-10-03T21:18:10","slug":"plan-de-estudios","status":"publish","type":"page","link":"https:\/\/guirula-cba.infd.edu.ar\/sitio\/plan-de-estudios\/","title":{"rendered":"Plan de estudios"},"content":{"rendered":"\n<p><\/p>\n\n\n<div id=\"tituloItem\" class=\"blockTituloItem\" style=\"width: 100.15%; height: 33px;\">\n<p style=\"text-align: center;\"><span style=\"color: #ff0000;\"><strong><span class=\"tituloItem\">PLAN DE ESTUDIOS<\/span><\/strong><\/span><\/p>\n<p style=\"text-align: center;\"><span style=\"color: #ff0000;\"><strong><span class=\"tituloItem\">PROFESORADO DE EDUCACI\u00d3N PRIMARIA\u00a0<\/span><\/strong><\/span><\/p>\n<p style=\"text-align: center;\"><span style=\"color: #ff0000;\"><strong>Orientaci\u00f3n: ATENCI\u00d3N A LA DIVERSIDAD DE NI\u00d1OS\/AS CON DIFERENTES TIEMPOS DE APRENDIZAJE<\/strong><\/span><\/p>\n<\/div>\n<p>\u00a0<\/p>\n<p>\u00a0<\/p>\n<p>\u00a0<\/p>\n<p><strong><span style=\"color: #ff0000;\">Primer A\u00f1o\u00a0<\/span><\/strong><\/p>\n<p>Pedagog\u00eda.<\/p>\n<p>Problem\u00e1ticas Socio Antropol\u00f3gicas en Educaci\u00f3n.<\/p>\n<p>Psicolog\u00eda y Educaci\u00f3n.<\/p>\n<p>Argentina en el Mundo Contempor\u00e1neo.<\/p>\n<p>Lenguaje Digital y Audiovisual.<\/p>\n<p>Lenguaje Corporal.<\/p>\n<p>Pr\u00e1ctica Docente I. Contextos y Pr\u00e1cticas Educativas.<\/p>\n<p>Desarrollo del Pensamiento Matem\u00e1tico.<\/p>\n<p>Oralidad, Lectura y Escritura.<\/p>\n<p>Seminario I. Educaci\u00f3n Integral de la Persona<\/p>\n<p>\u00a0<\/p>\n<p><strong><span style=\"color: #ff0000;\">Segundo A\u00f1o<\/span><\/strong><\/p>\n<p>Filosof\u00eda y Educaci\u00f3n.<\/p>\n<p>Did\u00e1ctica General.<\/p>\n<p>Lenguaje Art\u00edstico y Expresivo.<\/p>\n<p>Pr\u00e1ctica Docente II. Escuelas, Historias Documentadas y Cotidianeidad.<\/p>\n<p>Matem\u00e1tica y su Did\u00e1ctica I.<\/p>\n<p>Lengua y su Did\u00e1ctica I.<\/p>\n<p>Ciencias Naturales y su Did\u00e1ctica I.<\/p>\n<p>Ciencias Sociales y su Did\u00e1ctica I.<\/p>\n<p>Sujetos de Educaci\u00f3n y Convivencia Escolar.<\/p>\n<p>Seminario II. Integraci\u00f3n y Vulnerabilidad.<\/p>\n<p>\u00a0<\/p>\n<p><span style=\"color: #ff0000;\"><strong>Tercer A\u00f1o<\/strong><\/span><\/p>\n<p>Historia y Pol\u00edtica de la Educaci\u00f3n Argentina.<\/p>\n<p>Matem\u00e1tica y su Did\u00e1ctica II.<\/p>\n<p>Literatura en el Nivel Primario.<\/p>\n<p>Pr\u00e1ctica Docente III. El Aula, Espacio del Aprender y del Ense\u00f1ar.<\/p>\n<p>Alfabetizaci\u00f3n Inicial.<\/p>\n<p>Ciencias Naturales y su Did\u00e1ctica II.<\/p>\n<p>Ciencias Sociales y su Did\u00e1ctica II.<\/p>\n<p>Taller de Ciencias en la Escuela.<\/p>\n<p>Educaci\u00f3n Art\u00edstico Expresiva.<\/p>\n<p>TIC y la Ense\u00f1anza en el Nivel Primario.<\/p>\n<p>Seminario III: Diversidad.<\/p>\n<p>\u00a0<\/p>\n<p><span style=\"color: #ff0000;\"><strong>Cuarto A\u00f1o<\/strong><\/span><\/p>\n<p>\u00c9tica y Construcci\u00f3n de Ciudadan\u00eda.<\/p>\n<p>Pr\u00e1ctica Docente IV y Residencia. Recrear las Pr\u00e1cticas Docentes.<\/p>\n<p>Problem\u00e1ticas y Desaf\u00edos del Nivel Primario.<\/p>\n<p>Educaci\u00f3n F\u00edsica en el Nivel Primario.<\/p>\n<p>Educaci\u00f3n Sexual Integral.<\/p>\n<p>Trabajo de Campo.<\/p>","protected":false},"excerpt":{"rendered":"<p>PLAN DE ESTUDIOS PROFESORADO DE EDUCACI\u00d3N PRIMARIA\u00a0 Orientaci\u00f3n: ATENCI\u00d3N A LA DIVERSIDAD DE NI\u00d1OS\/AS CON DIFERENTES TIEMPOS DE APRENDIZAJE \u00a0 \u00a0 \u00a0 Primer A\u00f1o\u00a0 Pedagog\u00eda. Problem\u00e1ticas Socio Antropol\u00f3gicas en Educaci\u00f3n. Psicolog\u00eda y Educaci\u00f3n. Argentina en el Mundo Contempor\u00e1neo. Lenguaje Digital y Audiovisual. Lenguaje Corporal. Pr\u00e1ctica Docente I. Contextos y Pr\u00e1cticas Educativas. Desarrollo del Pensamiento Matem\u00e1tico. &#8230; <a title=\"Plan de estudios\" class=\"read-more\" href=\"https:\/\/guirula-cba.infd.edu.ar\/sitio\/plan-de-estudios\/\" aria-label=\"More on Plan de estudios\">[+]<\/a><\/p>\n","protected":false},"author":2825,"featured_media":0,"parent":0,"menu_order":0,"comment_status":"closed","ping_status":"closed","template":"","meta":[],"acf":[],"_links":{"self":[{"href":"https:\/\/guirula-cba.infd.edu.ar\/sitio\/wp-json\/wp\/v2\/pages\/738"}],"collection":[{"href":"https:\/\/guirula-cba.infd.edu.ar\/sitio\/wp-json\/wp\/v2\/pages"}],"about":[{"href":"https:\/\/guirula-cba.infd.edu.ar\/sitio\/wp-json\/wp\/v2\/types\/page"}],"author":[{"embeddable":true,"href":"https:\/\/guirula-cba.infd.edu.ar\/sitio\/wp-json\/wp\/v2\/users\/2825"}],"replies":[{"embeddable":true,"href":"https:\/\/guirula-cba.infd.edu.ar\/sitio\/wp-json\/wp\/v2\/comments?post=738"}],"version-history":[{"count":7,"href":"https:\/\/guirula-cba.infd.edu.ar\/sitio\/wp-json\/wp\/v2\/pages\/738\/revisions"}],"predecessor-version":[{"id":1226,"href":"https:\/\/guirula-cba.infd.edu.ar\/sitio\/wp-json\/wp\/v2\/pages\/738\/revisions\/1226"}],"wp:attachment":[{"href":"https:\/\/guirula-cba.infd.edu.ar\/sitio\/wp-json\/wp\/v2\/media?parent=738"}],"curies":[{"name":"wp","href":"https:\/\/api.w.org\/{rel}","templated":true}]}}