{"id":1394,"date":"2024-07-23T11:40:59","date_gmt":"2024-07-23T14:40:59","guid":{"rendered":"https:\/\/guirula-cba.infd.edu.ar\/sitio\/?page_id=1394"},"modified":"2024-07-23T11:41:00","modified_gmt":"2024-07-23T14:41:00","slug":"conexion-guirula","status":"publish","type":"page","link":"https:\/\/guirula-cba.infd.edu.ar\/sitio\/conexion-guirula\/","title":{"rendered":"CONEXI\u00d3N GUIRULA"},"content":{"rendered":"\n<p>Te invitamos a que disfrutes de la revista!!<\/p>\n\n\n\n<p>Primer edici\u00f3n de CONEXI\u00d3N GUIRULA, una revista digital del Profesorado de Educaci\u00f3n Primaria.<\/p>\n\n\n\n<div class=\"wp-block-file\"><object class=\"wp-block-file__embed\" data=\"https:\/\/guirula-cba.infd.edu.ar\/sitio\/wp-content\/uploads\/2024\/07\/67f7c550a3.pdf\" type=\"application\/pdf\" style=\"width:100%;height:600px\" aria-label=\"Incrustado de Primer edici\u00f3n. Conexi\u00f3n Guirula.\"><\/object><a id=\"wp-block-file--media-57086cde-f3d7-417c-b5f2-4dec65189f00\" href=\"https:\/\/guirula-cba.infd.edu.ar\/sitio\/wp-content\/uploads\/2024\/07\/67f7c550a3.pdf\">Primer edici\u00f3n. Conexi\u00f3n Guirula<\/a><a href=\"https:\/\/guirula-cba.infd.edu.ar\/sitio\/wp-content\/uploads\/2024\/07\/67f7c550a3.pdf\" class=\"wp-block-file__button wp-element-button\" download aria-describedby=\"wp-block-file--media-57086cde-f3d7-417c-b5f2-4dec65189f00\">Descarga<\/a><\/div>\n","protected":false},"excerpt":{"rendered":"<p>Te invitamos a que disfrutes de la revista!! Primer edici\u00f3n de CONEXI\u00d3N GUIRULA, una revista digital del Profesorado de Educaci\u00f3n Primaria.<\/p>\n","protected":false},"author":2807,"featured_media":0,"parent":0,"menu_order":0,"comment_status":"closed","ping_status":"closed","template":"","meta":[],"acf":[],"_links":{"self":[{"href":"https:\/\/guirula-cba.infd.edu.ar\/sitio\/wp-json\/wp\/v2\/pages\/1394"}],"collection":[{"href":"https:\/\/guirula-cba.infd.edu.ar\/sitio\/wp-json\/wp\/v2\/pages"}],"about":[{"href":"https:\/\/guirula-cba.infd.edu.ar\/sitio\/wp-json\/wp\/v2\/types\/page"}],"author":[{"embeddable":true,"href":"https:\/\/guirula-cba.infd.edu.ar\/sitio\/wp-json\/wp\/v2\/users\/2807"}],"replies":[{"embeddable":true,"href":"https:\/\/guirula-cba.infd.edu.ar\/sitio\/wp-json\/wp\/v2\/comments?post=1394"}],"version-history":[{"count":4,"href":"https:\/\/guirula-cba.infd.edu.ar\/sitio\/wp-json\/wp\/v2\/pages\/1394\/revisions"}],"predecessor-version":[{"id":1461,"href":"https:\/\/guirula-cba.infd.edu.ar\/sitio\/wp-json\/wp\/v2\/pages\/1394\/revisions\/1461"}],"wp:attachment":[{"href":"https:\/\/guirula-cba.infd.edu.ar\/sitio\/wp-json\/wp\/v2\/media?parent=1394"}],"curies":[{"name":"wp","href":"https:\/\/api.w.org\/{rel}","templated":true}]}}